{"id":4030,"date":"2021-05-04T12:07:05","date_gmt":"2021-05-04T10:07:05","guid":{"rendered":"http:\/\/www.pucciufficio.com\/?page_id=4030"},"modified":"2021-07-07T11:19:42","modified_gmt":"2021-07-07T09:19:42","slug":"digital-signage-2","status":"publish","type":"page","link":"https:\/\/www.pucciufficio.com\/?page_id=4030","title":{"rendered":"Digital Signage"},"content":{"rendered":"\r\n<h4 class=\"wp-block-heading\" style=\"text-align: center;\">Nell\u2019era del digitale, la comunicazione attraverso immagini e video domina ogni canale e, con l\u2019evoluzione della tecnologia e dei mezzi di comunicazione, i messaggi che normalmente venivano veicolati attraverso le parole vengono ora trasmessi tramite immagini.<\/h4>\r\n\r\n\r\n\r\n<h4 class=\"wp-block-heading\" style=\"text-align: center;\">E\u2019 giusto chiederci quali siano gli strumenti per comunicare in maniera efficace con il nostro pubblico e da cosa siano attratti i nostri utenti.<\/h4>\r\n\r\n\r\n\r\n<p style=\"color: #ffffff;\">&#8212;&#8212;&#8212;&#8212;&#8212;&#8211;<\/p>\r\n\r\n\r\n<hr class=\"wp-block-separator\" \/>\r\n\r\n\r\n<p style=\"color: #ffffff;\">&#8212;&#8212;&#8212;&#8212;<\/p>\r\n\r\n\r\n\r\n<h4 class=\"wp-block-heading\" style=\"text-align: center;\">Le soluzioni di\u00a0<strong><em>DIGITAL SIGNAGE<\/em><\/strong>\u00a0che noi di <strong>Pucciufficio<\/strong> proponiamo alle aziende, hanno lo scopo di\u00a0convogliare l\u2019attenzione degli utenti verso specifici contenuti.<\/h4>\r\n\r\n\r\n\r\n<h4 class=\"wp-block-heading\" style=\"text-align: center;\">Versatilit\u00e0 di utilizzo e possibilit\u00e0 di gestire i contenuti da remoto, permettono di creare quel valore aggiunto che d\u00e0 vita ad una soluzione interattiva e nel contempo una vera e propria forma di esperienza.<\/h4>\r\n\r\n\r\n\r\n<div class=\"wp-block-button aligncenter\"><a class=\"wp-block-button__link has-text-color has-very-light-gray-color has-background\" style=\"background-color: #ff00fa;\" href=\"http:\/\/www.pucciufficio.com\/?page_id=4935\">Scopri di pi\u00f9 sul Software di Remote Control<\/a><\/div>\r\n\r\n\r\n\r\n<p style=\"color: #ffffff;\">&#8212;<\/p>\r\n\r\n\r\n<hr class=\"wp-block-separator\" \/>\r\n\r\n\r\n<p>&nbsp;<\/p>\r\n\r\n\r\n\r\n<p style=\"color: #ffffff;\">&#8212;<\/p>\r\n\r\n\r\n\r\n<h2 class=\"wp-block-heading\" style=\"text-align: center;\"><span style=\"background-color: #e8eaeb;\">Pucciufficio fa ci\u00f2 anche grazie alla prestigiosa partership con <strong>SAMSUNG<\/strong>.<\/span><\/h2>\r\n\r\n\r\n\r\n<p style=\"text-align: center;\"><img loading=\"lazy\" decoding=\"async\" class=\"alignnone wp-image-4052\" style=\"width: 326px;\" src=\"http:\/\/www.pucciufficio.com\/wp-content\/uploads\/2021\/04\/SAMSUNG-B2B.jpg\" alt=\"Samsung Perugia  Lavagna interattiva Perugia  Flip Perugia  Lavagna interattiva scuola  LIM scuola  Lim Perugia  Ledwall Perugia  Videowall Perugia  Monitor Perugia  Digital signage Perugia  Digital Signage  Partner Samsung  Installazione Monitor Perugia  Installazione Videowall Perugia  Installazione Ledwall Perugia  Ledwall da interno  Ledwall da esterno  Totem da esterno  Totem negozio  Monitor touchscreen Perugia  Monitor touchscreen per negozi  Partner Samsung Perugia  Monitor da esterno  Monitor da interno  Monitor per negozio  Artwall Perugia  Totem Perugia  Samsung Educational  Magicinfo  Magicinfo Perugia  Software Magicinfo  Software per la gestione dei monitor  Gestione centralizzata monitor  Gestione centralizzata videowall  Gestione centralizzata totem  Magicinfo lite  Magicinfo server  Magicinfo premium unified  Noleggiare lavagna interattiva  Noleggio monitor  Noleggio Flip  Lavagne interattive usate  Flip usata  LIM usata  Lavagna interattiva ricondizionata  Flip ricondizionata  LIM ricondizionata \" width=\"1268\" height=\"152\" \/><\/p>\r\n\r\n\r\n<hr class=\"wp-block-separator\" \/>\r\n\r\n\r\n<h2 class=\"wp-block-heading\" style=\"text-align: center;\">I prodotti Samsung sono molteplici e adattabili ad ogni contesto: Monitor, Videowall, Artwall, Ledwall, Totem, Lavagne interattive ecc.<\/h2>\r\n\r\n\r\n<hr class=\"wp-block-separator\" \/>\r\n\r\n\r\n<p style=\"color: #ffffff; text-align: center;\">&#8212;&#8212;&#8212;&#8212;&#8212;&#8212;-<\/p>\r\n\r\n\r\n\r\n<h3 class=\"wp-block-heading\" style=\"text-align: center;\"><strong>Alcune applicazioni del Digital Signage:<\/strong><\/h3>\r\n\r\n\r\n\r\n<p style=\"color: #ffffff; font-size: 12px;\">&#8212;&#8212;&#8212;&#8212;&#8212;&#8212;<\/p>\r\n\r\n\r\n\r\n<div class=\"wp-block-image\">\r\n<figure class=\"alignright is-resized\"><img loading=\"lazy\" decoding=\"async\" class=\"alignnone wp-image-4057\" src=\"http:\/\/www.pucciufficio.com\/wp-content\/uploads\/2021\/04\/LEDwall_retail-1024x584.jpg\" alt=\"Samsung Perugia  Lavagna interattiva Perugia  Flip Perugia  Lavagna interattiva scuola  LIM scuola  Lim Perugia  Ledwall Perugia  Videowall Perugia  Monitor Perugia  Digital signage Perugia  Digital Signage  Partner Samsung  Installazione Monitor Perugia  Installazione Videowall Perugia  Installazione Ledwall Perugia  Ledwall da interno  Ledwall da esterno  Totem da esterno  Totem negozio  Monitor touchscreen Perugia  Monitor touchscreen per negozi  Partner Samsung Perugia  Monitor da esterno  Monitor da interno  Monitor per negozio  Artwall Perugia  Totem Perugia  Samsung Educational  Magicinfo  Magicinfo Perugia  Software Magicinfo  Software per la gestione dei monitor  Gestione centralizzata monitor  Gestione centralizzata videowall  Gestione centralizzata totem  Magicinfo lite  Magicinfo server  Magicinfo premium unified  Noleggiare lavagna interattiva  Noleggio monitor  Noleggio Flip  Lavagne interattive usate  Flip usata  LIM usata  Lavagna interattiva ricondizionata  Flip ricondizionata  LIM ricondizionata \" width=\"447\" height=\"254\" srcset=\"https:\/\/www.pucciufficio.com\/wp-content\/uploads\/2021\/04\/LEDwall_retail-1024x584.jpg 1024w, https:\/\/www.pucciufficio.com\/wp-content\/uploads\/2021\/04\/LEDwall_retail-1024x584-300x171.jpg 300w, https:\/\/www.pucciufficio.com\/wp-content\/uploads\/2021\/04\/LEDwall_retail-1024x584-768x438.jpg 768w\" sizes=\"(max-width: 447px) 100vw, 447px\" \/><\/figure>\r\n<\/div>\r\n\r\n\r\n\r\n<p>&nbsp;<\/p>\r\n\r\n\r\n\r\n<h4 class=\"wp-block-heading\"><strong>CENTRO COMMERCIALE:<\/strong><br \/>L\u2019installazione di display all\u2019esterno della struttura pu\u00f2 comunicare le svariate esperienze offerte all\u2019interno attraverso loghi, immagini e video, catturando cos\u00ec l\u2019attenzione dei passanti e spingendoli a visitare il centro.\u00a0<br \/>Un dispositivo digital signage collocato all\u2019ingresso dell&#8217;area ristoro, invece, pu\u00f2 consentire la visualizzazione delle offerte dei vari locali, fornire informazioni aggiuntive che aiutino i visitatori a compiere la propria scelta ed effettuare l\u2019ordine direttamente dal dispositivo. I display potranno poi fornire ai clienti indicazioni sul percorso da seguire per raggiungere il ristorante ed avvisarli quando l\u2019ordine sar\u00e0 pronto.\u00a0<\/h4>\r\n\r\n\r\n\r\n<div class=\"wp-block-image\">\r\n<figure class=\"alignright is-resized\"><img loading=\"lazy\" decoding=\"async\" class=\"alignnone wp-image-4068\" src=\"http:\/\/www.pucciufficio.com\/wp-content\/uploads\/2021\/04\/Toshiba-M4B-restaurantes-KFC.jpg\" alt=\"Samsung Perugia  Lavagna interattiva Perugia  Flip Perugia  Lavagna interattiva scuola  LIM scuola  Lim Perugia  Ledwall Perugia  Videowall Perugia  Monitor Perugia  Digital signage Perugia  Digital Signage  Partner Samsung  Installazione Monitor Perugia  Installazione Videowall Perugia  Installazione Ledwall Perugia  Ledwall da interno  Ledwall da esterno  Totem da esterno  Totem negozio  Monitor touchscreen Perugia  Monitor touchscreen per negozi  Partner Samsung Perugia  Monitor da esterno  Monitor da interno  Monitor per negozio  Artwall Perugia  Totem Perugia  Samsung Educational  Magicinfo  Magicinfo Perugia  Software Magicinfo  Software per la gestione dei monitor  Gestione centralizzata monitor  Gestione centralizzata videowall  Gestione centralizzata totem  Magicinfo lite  Magicinfo server  Magicinfo premium unified  Noleggiare lavagna interattiva  Noleggio monitor  Noleggio Flip  Lavagne interattive usate  Flip usata  LIM usata  Lavagna interattiva ricondizionata  Flip ricondizionata  LIM ricondizionata \" width=\"449\" height=\"299\" srcset=\"https:\/\/www.pucciufficio.com\/wp-content\/uploads\/2021\/04\/Toshiba-M4B-restaurantes-KFC.jpg 1024w, https:\/\/www.pucciufficio.com\/wp-content\/uploads\/2021\/04\/Toshiba-M4B-restaurantes-KFC-300x200.jpg 300w, https:\/\/www.pucciufficio.com\/wp-content\/uploads\/2021\/04\/Toshiba-M4B-restaurantes-KFC-768x512.jpg 768w\" sizes=\"(max-width: 449px) 100vw, 449px\" \/><\/figure>\r\n<\/div>\r\n\r\n\r\n\r\n<h4 class=\"wp-block-heading\"><strong>RISTORANTE:<br \/><\/strong>I dispositivi digital signage, installati in un ristorante, possono dare un tocco tecnologico ai tradizionali men\u00f9, permettendo ai clienti di trovare il piatto ideale attraverso un sistema di ricerca per parole chiave e filtri, fornendo informazioni aggiuntive su ingredienti, valori nutrizionali e metodi di preparazione.<\/h4>\r\n\r\n\r\n\r\n<h4 class=\"wp-block-heading\"><strong>STRUTTURE ALBERGHIERE:<br \/><\/strong>Le Hospitality TV possono regalare al cliente un soggiorno personalizzato ed interattivo, veicolando all\u2019interno della camera contenuti selezionati in base alle sue preferenze. Nelle aree comuni \u00e8 possibile informare la clientela sui servizi offerti dalla struttura e le promozioni attive attraverso display e mirror display.<\/h4>\r\n\r\n\r\n\r\n<h4 class=\"wp-block-heading\"><strong>TRASPORTI:<br \/><\/strong>E\u2019 il settore con il maggior potenziale di sfruttamento: dalla segnaletica stradale alla comunicazione di informazioni e intrattenimento, in stazioni ferroviarie e metropolitane, fermate del bus o aeroporti a supporto negli spostamenti per i turisti.<\/h4>\r\n\r\n\r\n\r\n<div class=\"wp-block-image\">\r\n<figure class=\"alignright is-resized\"><a href=\"http:\/\/www.pucciufficio.com\/?page_id=5299\"><img loading=\"lazy\" decoding=\"async\" class=\"alignnone wp-image-4062\" src=\"http:\/\/www.pucciufficio.com\/wp-content\/uploads\/2021\/04\/Samsung_Flip_Notation-600x600-2.jpg\" alt=\"Samsung Perugia  Lavagna interattiva Perugia  Flip Perugia  Lavagna interattiva scuola  LIM scuola  Lim Perugia  Ledwall Perugia  Videowall Perugia  Monitor Perugia  Digital signage Perugia  Digital Signage  Partner Samsung  Installazione Monitor Perugia  Installazione Videowall Perugia  Installazione Ledwall Perugia  Ledwall da interno  Ledwall da esterno  Totem da esterno  Totem negozio  Monitor touchscreen Perugia  Monitor touchscreen per negozi  Partner Samsung Perugia  Monitor da esterno  Monitor da interno  Monitor per negozio  Artwall Perugia  Totem Perugia  Samsung Educational  Magicinfo  Magicinfo Perugia  Software Magicinfo  Software per la gestione dei monitor  Gestione centralizzata monitor  Gestione centralizzata videowall  Gestione centralizzata totem  Magicinfo lite  Magicinfo server  Magicinfo premium unified  Noleggiare lavagna interattiva  Noleggio monitor  Noleggio Flip  Lavagne interattive usate  Flip usata  LIM usata  Lavagna interattiva ricondizionata  Flip ricondizionata  LIM ricondizionata \" width=\"389\" height=\"389\" srcset=\"https:\/\/www.pucciufficio.com\/wp-content\/uploads\/2021\/04\/Samsung_Flip_Notation-600x600-2.jpg 600w, https:\/\/www.pucciufficio.com\/wp-content\/uploads\/2021\/04\/Samsung_Flip_Notation-600x600-2-150x150.jpg 150w, https:\/\/www.pucciufficio.com\/wp-content\/uploads\/2021\/04\/Samsung_Flip_Notation-600x600-2-300x300.jpg 300w\" sizes=\"(max-width: 389px) 100vw, 389px\" \/><\/a><\/figure>\r\n<\/div>\r\n\r\n\r\n\r\n<h4 class=\"wp-block-heading\"><strong>MUSEI E LUOGHI DI CULTO:<br \/><\/strong>Nei musei e monumenti, le soluzioni digital signage possono ampliare l\u2019esperienza dei visitatori fornendo informazioni aggiuntive, panoramiche e, attraverso totem, rendere la visita interattiva.<\/h4>\r\n\r\n\r\n\r\n<h4 class=\"wp-block-heading\"><strong>AZIENDE E AULE DI INSEGNAMENTO:<br \/><\/strong>\u00a0Le soluzioni digital signage possono essere anche applicate in progetti che richiedono cooperazione e brainstorming\u00a0\u00a0garantendo la visualizzazione di contenuti in alta qualit\u00e0 in qualsiasi ambiente e permettendo ad ogni partecipante di condividere tramite dispositivo mobile le proprie idee.\u00a0\u00a0La possibilit\u00e0 di gestire i contenuti tramite touchscreen inoltre, rende l\u2019interazione immediata e permette di coinvolgere tutti i partecipanti di un meeting o una lezione. Questa tecnologia pu\u00f2 trovare applicazione in qualsiasi contesto aziendale ed in campo educativo, dove ha possibilit\u00e0 di rivoluzionare i tradizionali sistemi di insegnamento.<\/h4>\r\n\r\n\r\n\r\n<h4 class=\"wp-block-heading\" style=\"text-align: center;\"><strong><a href=\"http:\/\/www.pucciufficio.com\/?page_id=5299\">Scopri di pi\u00f9 sulla FLIP di Samsung !<\/a><\/strong><\/h4>\r\n\r\n\r\n\r\n<p style=\"color: #ffffff;\">&#8212;&#8212;&#8212;&#8212;&#8212;&#8212;-<\/p>\r\n\r\n\r\n\r\n<p style=\"text-align: center;\"><img loading=\"lazy\" decoding=\"async\" class=\"alignnone wp-image-4076\" style=\"width: 554px;\" src=\"http:\/\/www.pucciufficio.com\/wp-content\/uploads\/2021\/04\/7dc56dec0227d21471b4b040ff65b563-1.jpg\" alt=\"Samsung Perugia  Lavagna interattiva Perugia  Flip Perugia  Lavagna interattiva scuola  LIM scuola  Lim Perugia  Ledwall Perugia  Videowall Perugia  Monitor Perugia  Digital signage Perugia  Digital Signage  Partner Samsung  Installazione Monitor Perugia  Installazione Videowall Perugia  Installazione Ledwall Perugia  Ledwall da interno  Ledwall da esterno  Totem da esterno  Totem negozio  Monitor touchscreen Perugia  Monitor touchscreen per negozi  Partner Samsung Perugia  Monitor da esterno  Monitor da interno  Monitor per negozio  Artwall Perugia  Totem Perugia  Samsung Educational  Magicinfo  Magicinfo Perugia  Software Magicinfo  Software per la gestione dei monitor  Gestione centralizzata monitor  Gestione centralizzata videowall  Gestione centralizzata totem  Magicinfo lite  Magicinfo server  Magicinfo premium unified  Noleggiare lavagna interattiva  Noleggio monitor  Noleggio Flip  Lavagne interattive usate  Flip usata  LIM usata  Lavagna interattiva ricondizionata  Flip ricondizionata  LIM ricondizionata \" width=\"900\" height=\"349\" \/><\/p>\r\n\r\n\r\n\r\n<p style=\"color: #ffffff;\">&#8212;&#8212;&#8212;&#8212;&#8212;&#8212;&#8212;&#8212;-<\/p>\r\n\r\n\r\n\r\n<div class=\"wp-block-button aligncenter\"><a class=\"wp-block-button__link has-text-color has-very-dark-gray-color has-background has-luminous-vivid-amber-background-color\" href=\"http:\/\/www.pucciufficio.com\/?page_id=4237\"><strong>SCOPRI I NOSTRI PROGETTI<\/strong><\/a><\/div>\r\n\r\n\r\n\r\n<p style=\"color: #ffffff;\">&#8212;<\/p>\r\n\r\n\r\n\r\n<h2 class=\"wp-block-heading\" style=\"text-align: center;\">Scegli la soluzione pi\u00f9 adatta alle tue esigenze e rivoluziona la comunicazione con Pucciufficio!<\/h2>\r\n\r\n\r\n\r\n<div class=\"wp-block-image\">\r\n<figure class=\"aligncenter\"><img loading=\"lazy\" decoding=\"async\" class=\"alignnone wp-image-4208\" src=\"http:\/\/www.pucciufficio.com\/wp-content\/uploads\/2021\/05\/unnamed-1.png\" alt=\"Samsung Perugia  Lavagna interattiva Perugia  Flip Perugia  Lavagna interattiva scuola  LIM scuola  Lim Perugia  Ledwall Perugia  Videowall Perugia  Monitor Perugia  Digital signage Perugia  Digital Signage  Partner Samsung  Installazione Monitor Perugia  Installazione Videowall Perugia  Installazione Ledwall Perugia  Ledwall da interno  Ledwall da esterno  Totem da esterno  Totem negozio  Monitor touchscreen Perugia  Monitor touchscreen per negozi  Partner Samsung Perugia  Monitor da esterno  Monitor da interno  Monitor per negozio  Artwall Perugia  Totem Perugia  Samsung Educational  Magicinfo  Magicinfo Perugia  Software Magicinfo  Software per la gestione dei monitor  Gestione centralizzata monitor  Gestione centralizzata videowall  Gestione centralizzata totem  Magicinfo lite  Magicinfo server  Magicinfo premium unified  Noleggiare lavagna interattiva  Noleggio monitor  Noleggio Flip  Lavagne interattive usate  Flip usata  LIM usata  Lavagna interattiva ricondizionata  Flip ricondizionata  LIM ricondizionata \" width=\"250\" height=\"86\" \/><\/figure>\r\n<\/div>\r\n\r\n\r\n<hr class=\"wp-block-separator\" \/>\r\n\r\n\r\n<p style=\"color: #ffffff;\">&#8212;<\/p>\r\n\r\n\r\n\r\n<h4 class=\"wp-block-heading\" style=\"text-align: center;\"><strong>Per maggiori informazioni contattaci o\u00a0<\/strong><strong>vieni a trovarci.<\/strong><\/h4>\r\n\r\n\r\n\r\n<h4 class=\"wp-block-heading\" style=\"text-align: center;\">Tel. 075505921<\/h4>\r\n\r\n\r\n\r\n<h4 class=\"wp-block-heading\" style=\"text-align: center;\">Via A.Barteri 8, 06128 Perugia<\/h4>\r\n","protected":false},"excerpt":{"rendered":"<p>Nell\u2019era del digitale, la comunicazione attraverso immagini e video domina ogni canale e, con l\u2019evoluzione della tecnologia e dei mezzi di comunicazione, i messaggi che normalmente venivano veicolati attraverso le parole vengono ora trasmessi tramite immagini. E\u2019 giusto chiederci quali siano gli strumenti per comunicare in maniera efficace con il nostro pubblico e da cosa [&hellip;]<\/p>\n","protected":false},"author":7,"featured_media":0,"parent":0,"menu_order":0,"comment_status":"closed","ping_status":"closed","template":"","meta":{"footnotes":""},"_links":{"self":[{"href":"https:\/\/www.pucciufficio.com\/index.php?rest_route=\/wp\/v2\/pages\/4030"}],"collection":[{"href":"https:\/\/www.pucciufficio.com\/index.php?rest_route=\/wp\/v2\/pages"}],"about":[{"href":"https:\/\/www.pucciufficio.com\/index.php?rest_route=\/wp\/v2\/types\/page"}],"author":[{"embeddable":true,"href":"https:\/\/www.pucciufficio.com\/index.php?rest_route=\/wp\/v2\/users\/7"}],"replies":[{"embeddable":true,"href":"https:\/\/www.pucciufficio.com\/index.php?rest_route=%2Fwp%2Fv2%2Fcomments&post=4030"}],"version-history":[{"count":0,"href":"https:\/\/www.pucciufficio.com\/index.php?rest_route=\/wp\/v2\/pages\/4030\/revisions"}],"wp:attachment":[{"href":"https:\/\/www.pucciufficio.com\/index.php?rest_route=%2Fwp%2Fv2%2Fmedia&parent=4030"}],"curies":[{"name":"wp","href":"https:\/\/api.w.org\/{rel}","templated":true}]}}