{"id":4256,"date":"2021-05-05T18:16:40","date_gmt":"2021-05-05T16:16:40","guid":{"rendered":"http:\/\/www.pucciufficio.com\/?page_id=4256"},"modified":"2021-07-05T16:31:42","modified_gmt":"2021-07-05T14:31:42","slug":"laser","status":"publish","type":"page","link":"https:\/\/www.pucciufficio.com\/?page_id=4256","title":{"rendered":"Laser"},"content":{"rendered":"\r\n<div class=\"wp-block-image\">\r\n<figure class=\"aligncenter\"><img loading=\"lazy\" decoding=\"async\" class=\"aligncenter wp-image-6008\" src=\"http:\/\/www.pucciufficio.com\/wp-content\/uploads\/2021\/07\/1200px-Lexmark-logoristretto.svg_-1.png\" alt=\"stampanti stampa perugia scopri negozi stampanti a negozi stampanti negozi stampanti a prodotti epson dpi scansione stampante colori ufficio assistenza inkjet a colori wi-fi stampato samsung macchine ppm toner vendita multifunzione negozio noleggio macchine ufficio aziende riparazione laser fogli copia recensione macchine recensione macchine ufficio una recensione macchine ufficio stampato in a perugia cartucce ad inchiostro colori risoluzione a colori risoluzione software accessori punti vendita\" width=\"500\" height=\"100\" srcset=\"https:\/\/www.pucciufficio.com\/wp-content\/uploads\/2021\/07\/1200px-Lexmark-logoristretto.svg_-1.png 500w, https:\/\/www.pucciufficio.com\/wp-content\/uploads\/2021\/07\/1200px-Lexmark-logoristretto.svg_-1-300x60.png 300w\" sizes=\"(max-width: 500px) 100vw, 500px\" \/><\/figure>\r\n<\/div>\r\n\r\n\r\n\r\n<p style=\"color: #ffffff;\">&#8212;<\/p>\r\n\r\n\r\n\r\n<h3 class=\"wp-block-heading\" style=\"text-align: center;\">Dal <strong>2005<\/strong> siamo Azienda Leader del settore nonch\u00e9 <strong>Partner Primario in Italia di Lexmark.<\/strong><br \/>Il parco macchine installato, con contratti a noleggio costo copia, \u00e8 di circa 10.000 unit\u00e0 distribuite su tutto il territorio Nazionale.<\/h3>\r\n\r\n\r\n\r\n<h3 class=\"wp-block-heading\" style=\"text-align: center;\">Lexmark aiuta i clienti a <strong>minimizzare i costi<\/strong> e le complessit\u00e0 dell\u2019IT fornendo un ambiente di stampa sicuro, affidabile, produttivo e a basso costo.<\/h3>\r\n\r\n\r\n\r\n<p style=\"color: #ffffff;\">&#8212;<\/p>\r\n\r\n\r\n<hr class=\"wp-block-separator\" \/>\r\n\r\n\r\n<p>&nbsp;<\/p>\r\n\r\n\r\n\r\n<h3 class=\"wp-block-heading\" style=\"text-align: center;\">Le macchine Lexmark funzionano con <strong>tecnologia a<\/strong> <strong>Laser<\/strong>, ossia il metodo tradizionale che ha sempre caratterizzato e contraddistinto le stampanti da ufficio.<\/h3>\r\n\r\n\r\n\r\n<h3 class=\"wp-block-heading\" style=\"text-align: center;\">Lexmark offre, inoltre, un\u2019<strong>ampia gamma<\/strong> di macchine tra cui poter scegliere, in relazione alle esigenze pi\u00f9 specifiche.<\/h3>\r\n\r\n\r\n\r\n<p style=\"text-align: center;\"><img loading=\"lazy\" decoding=\"async\" class=\"alignnone wp-image-4325\" style=\"width: 845px;\" src=\"http:\/\/www.pucciufficio.com\/wp-content\/uploads\/2021\/05\/STAMPANTI-LEXMARK-1.png\" alt=\"stampanti stampa perugia scopri negozi stampanti a negozi stampanti negozi stampanti a prodotti epson dpi scansione stampante colori ufficio assistenza inkjet a colori wi-fi stampato samsung macchine ppm toner vendita multifunzione negozio noleggio macchine ufficio aziende riparazione laser fogli copia recensione macchine recensione macchine ufficio una recensione macchine ufficio stampato in a perugia cartucce ad inchiostro colori risoluzione a colori risoluzione software accessori punti vendita\" width=\"1186\" height=\"259\" \/><\/p>\r\n\r\n\r\n<hr class=\"wp-block-separator\" \/>\r\n\r\n\r\n<p style=\"text-align: center;\"><span style=\"color: #000000;\">Lexmark mette a disposizione la funzione <span style=\"color: #ff00ff;\">Cloud Connector<\/span> della macchina: \u00e8 possibile connettere ogni stampante dell\u2019azienda, infatti, ad una rete comune, per poter riuscire a trovare e stampare qualsiasi documento d\u2019interesse direttamente dal device, senza passare per altri strumenti.<\/span><\/p>\r\n\r\n\r\n\r\n<p style=\"text-align: center;\"><br \/><span style=\"color: #000000;\">I benefici di Lexmark Cloud Connector sono: <\/span><br \/><span style=\"color: #000000;\">\u2022 Maggiore velocit\u00e0 ed efficienza della macchina,<\/span><br \/><span style=\"color: #000000;\">\u2022 Facilit\u00e0 di condivisione e archiviazione dei documenti,<\/span><br \/><span style=\"color: #000000;\">\u2022 Migliori tempi di esecuzione e minore possibilit\u00e0 di errore.<\/span><\/p>\r\n\r\n\r\n<hr class=\"wp-block-separator\" \/>\r\n\r\n\r\n<h4 class=\"wp-block-heading\" style=\"text-align: center;\"><br \/>I nostri <strong>tecnici specializzati e certificati<\/strong>, offrono un\u2019assistenza a 360\u00b0, data la lunga esperienza e collaborazione che Pucciufficio ha maturato con Lexmank in questi 15 anni. Offriamo ai nostri Clienti, infatti, una copertura diretta su tutto il centro Italia e con l\u2019ausilio di partner certificati, anche per le restanti regioni.<\/h4>\r\n\r\n\r\n\r\n<h4 class=\"wp-block-heading\" style=\"text-align: center;\"><br \/>Lexmark, da sempre impegnata nel miglioramento continuo dei programmi di <strong>tutela dell\u2019ambiente e della salute<\/strong>, si adopera per fornire prodotti e servizi di alta qualit\u00e0, operando nel rispetto degli standard ambientali, al fine di ridurre l\u2019inquinamento.<br \/>A tal proposito Pucciufficio aderisce al <strong>Programma RETURN<\/strong> di Lexmark, che prevede il ritiro e lo smaltimento dei toner a carico della casa madre, fornendo all\u2019azienda i contenitori per la raccolta dei materiali di risulta.<\/h4>\r\n\r\n\r\n\r\n<p>&nbsp;<\/p>\r\n\r\n\r\n<hr class=\"wp-block-separator\" \/>\r\n\r\n\r\n<p style=\"color: #ffffff;\">&#8212;&#8212;&#8211;<\/p>\r\n\r\n\r\n\r\n<h4 class=\"wp-block-heading\" style=\"text-align: center;\"><strong>Per maggiori informazioni contattaci o\u00a0<\/strong><strong>vieni a trovarci.<\/strong><\/h4>\r\n\r\n\r\n\r\n<h4 class=\"wp-block-heading\" style=\"text-align: center;\">Tel. 075505921<\/h4>\r\n\r\n\r\n\r\n<h4 class=\"wp-block-heading\" style=\"text-align: center;\">Via A.Barteri 8, 06128 Perugia<\/h4>\r\n","protected":false},"excerpt":{"rendered":"<p>&#8212; Dal 2005 siamo Azienda Leader del settore nonch\u00e9 Partner Primario in Italia di Lexmark.Il parco macchine installato, con contratti a noleggio costo copia, \u00e8 di circa 10.000 unit\u00e0 distribuite su tutto il territorio Nazionale. Lexmark aiuta i clienti a minimizzare i costi e le complessit\u00e0 dell\u2019IT fornendo un ambiente di stampa sicuro, affidabile, produttivo [&hellip;]<\/p>\n","protected":false},"author":7,"featured_media":0,"parent":0,"menu_order":0,"comment_status":"closed","ping_status":"closed","template":"","meta":{"footnotes":""},"_links":{"self":[{"href":"https:\/\/www.pucciufficio.com\/index.php?rest_route=\/wp\/v2\/pages\/4256"}],"collection":[{"href":"https:\/\/www.pucciufficio.com\/index.php?rest_route=\/wp\/v2\/pages"}],"about":[{"href":"https:\/\/www.pucciufficio.com\/index.php?rest_route=\/wp\/v2\/types\/page"}],"author":[{"embeddable":true,"href":"https:\/\/www.pucciufficio.com\/index.php?rest_route=\/wp\/v2\/users\/7"}],"replies":[{"embeddable":true,"href":"https:\/\/www.pucciufficio.com\/index.php?rest_route=%2Fwp%2Fv2%2Fcomments&post=4256"}],"version-history":[{"count":0,"href":"https:\/\/www.pucciufficio.com\/index.php?rest_route=\/wp\/v2\/pages\/4256\/revisions"}],"wp:attachment":[{"href":"https:\/\/www.pucciufficio.com\/index.php?rest_route=%2Fwp%2Fv2%2Fmedia&parent=4256"}],"curies":[{"name":"wp","href":"https:\/\/api.w.org\/{rel}","templated":true}]}}