{"id":4309,"date":"2021-05-06T18:39:15","date_gmt":"2021-05-06T16:39:15","guid":{"rendered":"http:\/\/www.pucciufficio.com\/?page_id=4309"},"modified":"2025-05-14T09:11:05","modified_gmt":"2025-05-14T07:11:05","slug":"assistenza-specializzata-ict","status":"publish","type":"page","link":"https:\/\/www.pucciufficio.com\/?page_id=4309","title":{"rendered":"Assistenza Specializzata ICT"},"content":{"rendered":"\n<h4 class=\"wp-block-heading has-text-align-center\">Oltre alla qualit\u00e0 dei prodotti e dei servizi acquistati, \u00e8 necessario, garantire il loro corretto funzionamento, nonch\u00e9 l\u2019ottimizzazione delle performance.<\/h4>\n\n\n\n<h4 class=\"wp-block-heading has-text-align-center\">In questo modo, si migliorano e massimizzano produttivit\u00e0 ed efficienza complessiva.<\/h4>\n\n\n\n<p class=\"has-text-color\" style=\"color:#ffffff\">\u2014\u2014\u2014-<\/p>\n\n\n\n<hr class=\"wp-block-separator has-css-opacity\"\/>\n\n\n\n<h2 class=\"wp-block-heading has-text-align-center\"><strong>Pucciufficio<\/strong>, grazie alla sua lunga esperienza&nbsp;maturata nel settore informatico e tecnologico, mette a disposizione del cliente, una lunga e vasta gamma di servizi specifici.<\/h2>\n\n\n\n<h2 class=\"wp-block-heading has-text-align-center\">La nostra <strong>assistenza<\/strong> continua e garantita \u00e8 uno dei nostri pi\u00f9 grandi punti di forza.<\/h2>\n\n\n\n<hr class=\"wp-block-separator has-css-opacity\"\/>\n\n\n\n<p class=\"has-text-color\" style=\"color:#ffffff\">\u2014\u2014\u2014\u2014<\/p>\n\n\n\n<div class=\"wp-block-image\">\r\n<figure class=\"alignright is-resized\"><img loading=\"lazy\" decoding=\"async\" class=\"alignnone wp-image-3986\" src=\"http:\/\/www.pucciufficio.com\/wp-content\/uploads\/2021\/04\/Testing-del-software-e-automazione.jpg\" alt=\"Assistenza informatica Perugia Assistenza informatica  Assistenza ict Assistenza ICT certificata Perugia Assistenza ICT Perugia  Assistenza Computer  Assistenza Stampanti  Assistenza sistemistica  Assistenza certificata  Consulenza ICT Perugia  Assistenza specializzata ICT \" width=\"401\" height=\"225\" srcset=\"https:\/\/www.pucciufficio.com\/wp-content\/uploads\/2021\/04\/Testing-del-software-e-automazione.jpg 1920w, https:\/\/www.pucciufficio.com\/wp-content\/uploads\/2021\/04\/Testing-del-software-e-automazione-300x169.jpg 300w, https:\/\/www.pucciufficio.com\/wp-content\/uploads\/2021\/04\/Testing-del-software-e-automazione-768x432.jpg 768w, https:\/\/www.pucciufficio.com\/wp-content\/uploads\/2021\/04\/Testing-del-software-e-automazione-1024x576.jpg 1024w\" sizes=\"(max-width: 401px) 100vw, 401px\" \/><\/figure>\r\n<\/div>\n\n\n\n<h4 class=\"wp-block-heading has-text-align-left\">Offriamo, infatti, un servizio di&nbsp;assistenza, riparazione, consulenza e collaborazione, sia nel lungo termine, per progetti personalizzati, sia nel breve, per interventi veloci ed istantanei.<\/h4>\n\n\n\n<h4 class=\"wp-block-heading has-text-align-left\">Grazie al nostro&nbsp;<strong>Team di tecnici specializzati<\/strong>&nbsp;e certificati, \u00e8 possibile prevenire, risolvere e curare, ogni tipo di problema in ambito&nbsp;<strong>ICT<\/strong>.<\/h4>\n\n\n\n<h4 class=\"wp-block-heading has-text-align-left\">Affianchiamo il cliente in qualsiasi momento, sia fisicamente che da remoto, grazie agli attuali 15 esperti interni, che operano sull\u2019intero territorio nazionale.<\/h4>\n\n\n\n<p class=\"has-text-color\" style=\"color:#ffffff\">&#8212;<\/p>\n\n\n\n<h3 class=\"wp-block-heading has-text-align-center\">L&#8217;erogazione del nostro&nbsp;<strong>servizio<\/strong> \u00e8 disponibile, quindi,&nbsp;su chiamata o progetto, con supporto telefonico, possibilit\u00e0 di pianificare appuntamenti periodici ecc.<\/h3>\n\n\n\n<h3 class=\"wp-block-heading has-text-align-center\">Offriamo pacchetti personalizzati di un monte ore di assistenza riservata (ticket), per garantire al cliente&nbsp;<strong>tempestivit\u00e0<\/strong> d&#8217;intervento e <strong>sicurezza<\/strong> totale,&nbsp;sia che si tratti di azienda che di privato, sotto tutti gli ambiti informatici.<\/h3>\n\n\n\n<p class=\"has-text-color\" style=\"color:#ffffff\">&#8212;-<\/p>\n\n\n\n<hr class=\"wp-block-separator has-css-opacity\"\/>\n\n\n\n<h4 class=\"wp-block-heading has-text-align-center\">La nostra forza, oltre che dall&#8217;esperienza sul campo, proviene anche dalle&nbsp;<strong>numerose certificazioni<\/strong>&nbsp;che ci sono state riconosciute nel tempo e<br>dalle&nbsp;<strong>prestigiose partership<\/strong>&nbsp;instaurate:&nbsp;<em>Lenovo, Samsung, IBM, Microsoft, Sophos, Lexmark, Epson, VMware, Veeam, ESET<\/em>&nbsp;ecc.<\/h4>\n\n\n\n<h4 class=\"wp-block-heading has-text-align-center\">Essendo <strong>Partner Business Lenovo<\/strong>, ad esempio, riconosciamo e gestiamo anche le garanzie dei prodotti acquistati dal singolo cliente.<\/h4>\n\n\n\n<hr class=\"wp-block-separator has-css-opacity\"\/>\n\n\n\n<p class=\"has-text-color\" style=\"color:#ffffff\">&#8212;&#8212;<\/p>\n\n\n\n<p class=\"has-regular-font-size has-very-dark-gray-color has-text-color\">Alcuni dei nostri&nbsp;<strong>principali servizi<\/strong>&nbsp;d&#8217;assistenza riguardano:<\/p>\n\n\n\n<p class=\"has-text-color\" style=\"color:#ffffff;font-size:12px\">&#8212;<\/p>\n\n\n\n<p class=\"has-very-dark-gray-color has-text-color\"><strong>\u2013<\/strong>&nbsp;Installazione e riparazione di computer, stampanti e di tutto il Digital Signage;<\/p>\n\n\n\n<p class=\"has-very-dark-gray-color has-text-color\"><strong>\u2013<\/strong>\u00a0Configurazione, installazione e assistenza per Server aziendali, sia Windows che Linux;<\/p>\n\n\n\n<p class=\"has-very-dark-gray-color has-text-color\"><strong>\u2013<\/strong>&nbsp;Progettazione di interi sistemi di sicurezza (firewall, antivirus ecc.) e assistenza continua o una tantum;<\/p>\n\n\n\n<p class=\"has-very-dark-gray-color has-text-color\"><strong>\u2013<\/strong>&nbsp;Offerta dei migliori e pi\u00f9 avanzati sistemi di backup;<\/p>\n\n\n\n<p class=\"has-very-dark-gray-color has-text-color\"><strong>\u2013<\/strong>&nbsp;Installazione e configurazione di software di virtualizzazione per infrastrutture IT;<\/p>\n\n\n\n<p class=\"has-very-dark-gray-color has-text-color\"><strong>\u2013<\/strong>&nbsp;E tanto altro\u2026<\/p>\n\n\n\n<p class=\"has-text-color\" style=\"color:#ffffff\">&#8212;<\/p>\n\n\n\n<figure class=\"wp-block-video\"><video autoplay controls loop src=\"http:\/\/www.pucciufficio.com\/wp-content\/uploads\/2021\/07\/SITO.mp4\"><\/video><\/figure>\n\n\n\n<p class=\"has-text-color\" style=\"color:#ffffff\">\u2014\u2014\u2014\u2014-<\/p>\n\n\n\n<hr class=\"wp-block-separator has-css-opacity\"\/>\n\n\n\n<h2 class=\"wp-block-heading has-text-align-center\">In sintesi, offriamo <strong>assistenza&nbsp;<\/strong>e<strong>&nbsp;consulenza<\/strong>&nbsp;in&nbsp;tutto l&#8217;<strong>ambito ICT<\/strong>, adattandoci alle specifiche esigenze e problematiche, sia per le aziende che il cliente finale.<\/h2>\n\n\n\n<hr class=\"wp-block-separator has-css-opacity\"\/>\n\n\n\n<p class=\"has-text-color\" style=\"color:#ffffff\">&#8212;<\/p>\n\n\n\n<h4 class=\"wp-block-heading has-text-align-center\"><strong>Per maggiori informazioni contattaci o&nbsp;<\/strong><strong>vieni a trovarci.<\/strong><\/h4>\n\n\n\n<h4 class=\"wp-block-heading has-text-align-center\">Tel. 075505921<\/h4>\n\n\n\n<h4 class=\"wp-block-heading has-text-align-center\">Via A.Barteri 8, 06128 Perugia<\/h4>\n\n\n\n<p>&nbsp;<\/p>\n","protected":false},"excerpt":{"rendered":"<p>Oltre alla qualit\u00e0 dei prodotti e dei servizi acquistati, \u00e8 necessario, garantire il loro corretto funzionamento, nonch\u00e9 l\u2019ottimizzazione delle performance. In questo modo, si migliorano e massimizzano produttivit\u00e0 ed efficienza complessiva. \u2014\u2014\u2014- Pucciufficio, grazie alla sua lunga esperienza&nbsp;maturata nel settore informatico e tecnologico, mette a disposizione del cliente, una lunga e vasta gamma di servizi [&hellip;]<\/p>\n","protected":false},"author":7,"featured_media":0,"parent":0,"menu_order":0,"comment_status":"closed","ping_status":"closed","template":"","meta":{"footnotes":""},"_links":{"self":[{"href":"https:\/\/www.pucciufficio.com\/index.php?rest_route=\/wp\/v2\/pages\/4309"}],"collection":[{"href":"https:\/\/www.pucciufficio.com\/index.php?rest_route=\/wp\/v2\/pages"}],"about":[{"href":"https:\/\/www.pucciufficio.com\/index.php?rest_route=\/wp\/v2\/types\/page"}],"author":[{"embeddable":true,"href":"https:\/\/www.pucciufficio.com\/index.php?rest_route=\/wp\/v2\/users\/7"}],"replies":[{"embeddable":true,"href":"https:\/\/www.pucciufficio.com\/index.php?rest_route=%2Fwp%2Fv2%2Fcomments&post=4309"}],"version-history":[{"count":1,"href":"https:\/\/www.pucciufficio.com\/index.php?rest_route=\/wp\/v2\/pages\/4309\/revisions"}],"predecessor-version":[{"id":6603,"href":"https:\/\/www.pucciufficio.com\/index.php?rest_route=\/wp\/v2\/pages\/4309\/revisions\/6603"}],"wp:attachment":[{"href":"https:\/\/www.pucciufficio.com\/index.php?rest_route=%2Fwp%2Fv2%2Fmedia&parent=4309"}],"curies":[{"name":"wp","href":"https:\/\/api.w.org\/{rel}","templated":true}]}}