{"id":5167,"date":"2021-06-11T11:11:16","date_gmt":"2021-06-11T09:11:16","guid":{"rendered":"http:\/\/www.pucciufficio.com\/?page_id=5167"},"modified":"2022-05-18T10:58:24","modified_gmt":"2022-05-18T08:58:24","slug":"pc-desktop-notebook-2","status":"publish","type":"page","link":"https:\/\/www.pucciufficio.com\/?page_id=5167","title":{"rendered":"PC Desktop \/ Notebook"},"content":{"rendered":"\r\n<h4 class=\"wp-block-heading\" style=\"text-align: center;\">Quando si parla di <em>Information Technology<\/em>, ossia del nostro settore d&#8217;appartenenza, \u00e8 molto semplice e automatico pensare al Computer, mobile o fisso che sia.<\/h4>\r\n\r\n\r\n\r\n<h4 class=\"wp-block-heading\" style=\"text-align: center;\">La nostra offerta in tale ambito \u00e8 estremamente varia.<\/h4>\r\n\r\n\r\n\r\n<div class=\"wp-block-image\">\r\n<figure class=\"alignright is-resized\"><img loading=\"lazy\" decoding=\"async\" class=\"alignnone wp-image-5192\" src=\"http:\/\/www.pucciufficio.com\/wp-content\/uploads\/2021\/06\/Cattura2-3.jpg\" alt=\"Vendita computer Perugia Acquistare computer Perugia  Notebook Perugia  NEGOZIO PC  Computer  Riparazione  Assistenza  Partner Lenovo Perugia  Assistenza Notebook  Riparazione  Assistenza computer Perugia  Riparazione computer Perugia  Riparazione notebook Perugia  Lenovo Perugia  Assistenza informatica  Noleggio Pc Perugia  Locazione operativa Pc Perugia  Noleggiare sistemi informatici  Noleggiare PC usati \" width=\"458\" height=\"278\" srcset=\"https:\/\/www.pucciufficio.com\/wp-content\/uploads\/2021\/06\/Cattura2-3.jpg 756w, https:\/\/www.pucciufficio.com\/wp-content\/uploads\/2021\/06\/Cattura2-3-300x182.jpg 300w\" sizes=\"(max-width: 458px) 100vw, 458px\" \/><\/figure>\r\n<\/div>\r\n\r\n\r\n\r\n<div class=\"wp-block-image\">\r\n<figure class=\"alignleft is-resized\"><img loading=\"lazy\" decoding=\"async\" class=\"alignnone wp-image-5191\" src=\"http:\/\/www.pucciufficio.com\/wp-content\/uploads\/2021\/06\/Cattura-removebg-preview-2.png\" alt=\"Vendita computer Perugia Acquistare computer Perugia  Notebook Perugia  NEGOZIO PC  Computer  Riparazione  Assistenza  Partner Lenovo Perugia  Assistenza Notebook  Riparazione  Assistenza computer Perugia  Riparazione computer Perugia  Riparazione notebook Perugia  Lenovo Perugia  Assistenza informatica  Noleggio Pc Perugia  Locazione operativa Pc Perugia  Noleggiare sistemi informatici  Noleggiare PC usati \" width=\"420\" height=\"319\" srcset=\"https:\/\/www.pucciufficio.com\/wp-content\/uploads\/2021\/06\/Cattura-removebg-preview-2.png 473w, https:\/\/www.pucciufficio.com\/wp-content\/uploads\/2021\/06\/Cattura-removebg-preview-2-300x228.png 300w\" sizes=\"(max-width: 420px) 100vw, 420px\" \/><\/figure>\r\n<\/div>\r\n\r\n\r\n\r\n<p style=\"color: #ffffff;\">&#8212;<\/p>\r\n\r\n\r\n\r\n<p style=\"color: #ffffff;\">&#8212;<\/p>\r\n\r\n\r\n\r\n<p style=\"color: #ffffff;\">&#8212;<\/p>\r\n\r\n\r\n\r\n<p style=\"color: #ffffff;\">&#8212;<\/p>\r\n\r\n\r\n\r\n<p style=\"color: #ffffff;\">&#8212;<\/p>\r\n\r\n\r\n\r\n<p style=\"color: #ffffff;\">&#8212;<\/p>\r\n\r\n\r\n\r\n<p style=\"color: #ffffff;\">&#8212;<\/p>\r\n\r\n\r\n\r\n<p style=\"color: #ffffff;\">&#8212;<\/p>\r\n\r\n\r\n\r\n<h3 class=\"wp-block-heading\" style=\"text-align: center;\">Il nostro Partner per eccellenza, in tal senso, \u00e8 <strong><em>Lenovo<\/em><\/strong>. Questa collaborazione longeva ci ha permesso di divenire\u00a0partner certificati e gestori, in prima persona, della garanzia targata Lenovo.<\/h3>\r\n\r\n\r\n\r\n<h3 class=\"wp-block-heading\" style=\"text-align: center;\">Tanti altri sono i brand con cui collaboriamo in ambito IT:\u00a0 Apple, HP, Asus, Dell, Yashi e cos\u00ec via.<\/h3>\r\n\r\n\r\n\r\n\r\n\r\n<h3 class=\"wp-block-heading\" style=\"text-align: center;\">Soddisfiamo tutte le esigenze, coprendo sia il mercato dei <strong>Notebook<\/strong> o PC portatili, sia quello dei <strong>PC Desktop<\/strong> o PC fissi.<\/h3>\r\n<h3>\r\n\r\n<\/h3>\r\n<h3 class=\"wp-block-heading\" style=\"text-align: center;\">Presentiamo prodotti non comuni ne commerciali, sempre di gamma superiore rispetto all&#8217;offerta dei nostri competitors nazionali.<\/h3>\r\n\r\n\r\n\r\n<p style=\"color: #ffffff;\">&#8212;<\/p>\r\n\r\n\r\n<hr class=\"wp-block-separator\" \/>\r\n\r\n\r\n<h4 class=\"wp-block-heading\" style=\"text-align: center;\">Oltre ad offrire soluzioni di diversa fascia, ma sempre di alta qualit\u00e0, abbiamo la capacit\u00e0 di <strong>progettare e assemblare il prodotto che desideri da zero<\/strong>, grazie ai nostri tecnici specializzati e alla loro lunga esperienza.<\/h4>\r\n\r\n\r\n\r\n<h4 class=\"wp-block-heading\">\u00a0<\/h4>\r\n\r\n\r\n\r\n<h4 class=\"wp-block-heading\" style=\"text-align: center;\">Il cliente, infatti, con il nostro aiuto pu\u00f2 dar vita ad un <strong>PC customizzato<\/strong> in tutto e per tutto.<\/h4>\r\n\r\n\r\n\r\n<h4 class=\"wp-block-heading\">\u00a0<\/h4>\r\n\r\n\r\n\r\n<h4 class=\"wp-block-heading\" style=\"text-align: center;\">Le possibilit\u00e0 di scelta per il cliente, sia esso Azienda o privato, sono quindi infinite.<\/h4>\r\n\r\n\r\n\r\n<p>&nbsp;<\/p>\r\n\r\n\r\n<hr class=\"wp-block-separator\" \/>\r\n\r\n\r\n<p style=\"color: #ffffff;\">&#8212;<\/p>\r\n\r\n\r\n\r\n<p class=\"has-regular-font-size has-very-dark-gray-color\" style=\"text-align: center;\">Puoi scegliere di <strong>risparmiare <\/strong>senza rinunciare all&#8217;operativit\u00e0, grazie alla nostra sezione del <a href=\"http:\/\/www.pucciufficio.com\/?page_id=5293\"><strong>RICONDIZIONATO<\/strong><\/a>: macchine come nuove, sempre aggiornate, che possono permettere a chi le acquista di beneficiare di un grande vantaggio sul prezzo finale.<\/p>\r\n\r\n\r\n\r\n<p style=\"color: #ffffff;\">&#8212;<\/p>\r\n\r\n\r\n<hr class=\"wp-block-separator\" \/>\r\n\r\n\r\n<p style=\"color: #ffffff;\">&#8212;<\/p>\r\n\r\n\r\n\r\n<h3 class=\"wp-block-heading\" style=\"text-align: center;\">Pucciufficio mette a disposizione anche la possibilit\u00e0 di <strong>noleggiare<\/strong> il prodotto.<\/h3>\r\n\r\n\r\n\r\n<h4 class=\"wp-block-heading\" style=\"text-align: center;\">Con un piccolo canone mensile, infatti, si pu\u00f2 beneficiare di una macchina all&#8217;avanguardia protetta da garanzia, comprensiva di tutti gli oneri finanziari.<\/h4>\r\n\r\n\r\n\r\n<h4 class=\"wp-block-heading\" style=\"text-align: center;\">La soluzione di <strong><a href=\"http:\/\/www.pucciufficio.com\/?page_id=4559\">LOCAZIONE OPERATIVA<\/a><\/strong>, si \u00e8 rivelata, negli anni, per le aziende, il miglior compromesso tra rinnovo continuo e convenienza.\u00a0<\/h4>\r\n\r\n\r\n\r\n<p style=\"color: #ffffff;\">&#8212;<\/p>\r\n\r\n\r\n<hr class=\"wp-block-separator\" \/>\r\n\r\n\r\n<p class=\"has-regular-font-size has-very-dark-gray-color\" style=\"text-align: center;\">Grazie all&#8217;operativit\u00e0 e alla professionalit\u00e0 dei nostri consulenti, \u00e8 semplice creare un <strong>progetto ad hoc<\/strong> sulle esigenze e possibilit\u00e0 del cliente.<\/p>\r\n\r\n\r\n\r\n<p class=\"has-regular-font-size has-very-dark-gray-color\" style=\"text-align: center;\">In relazione alle abitudini, alle aspettative, alle previsioni e alla dimensione e organizzazione aziendale, formuliamo la proposta migliore per chi abbiamo davanti, sia in termini di efficienza che di prezzo.<\/p>\r\n\r\n\r\n\r\n<p class=\"has-regular-font-size has-very-dark-gray-color\" style=\"text-align: center;\">Ascoltiamo e studiamo qualsiasi situazione per accompagnarti verso l&#8217;ottimizzazione delle tue possibilit\u00e0.<\/p>\r\n\r\n\r\n<hr class=\"wp-block-separator\" \/>\r\n\r\n\r\n<p style=\"color: #ffffff;\">&#8212;<\/p>\r\n\r\n\r\n\r\n<h4 class=\"wp-block-heading\" style=\"text-align: center;\">In aggiunta al prodotto, non meno importante, \u00e8 la <strong>sicurezza<\/strong> che diamo al cliente, per quanto concerne il funzionamento e l&#8217;operativit\u00e0 della macchina: la nostra <strong><a href=\"http:\/\/www.pucciufficio.com\/?page_id=4309\">ASSISTENZA CERTIFICATA<\/a><\/strong>, infatti ti protegge da problemi di qualsiasi genere, sia dal lato hardware che dal lato software.<\/h4>\r\n\r\n\r\n\r\n<p style=\"color: #ffffff;\">&#8212;<\/p>\r\n\r\n\r\n<hr class=\"wp-block-separator\" \/>\r\n\r\n\r\n<p style=\"color: #ffffff;\">&#8212;<\/p>\r\n\r\n\r\n\r\n<h4 class=\"wp-block-heading\" style=\"text-align: center;\"><strong>Per maggiori informazioni contattaci o\u00a0<\/strong><strong>vieni a trovarci.<\/strong><\/h4>\r\n\r\n\r\n\r\n<h4 class=\"wp-block-heading\" style=\"text-align: center;\">Tel. 075505921<\/h4>\r\n\r\n\r\n\r\n<h4 class=\"wp-block-heading\" style=\"text-align: center;\">Via A.Barteri 8, 06128 Perugia<\/h4>\r\n","protected":false},"excerpt":{"rendered":"<p>Quando si parla di Information Technology, ossia del nostro settore d&#8217;appartenenza, \u00e8 molto semplice e automatico pensare al Computer, mobile o fisso che sia. La nostra offerta in tale ambito \u00e8 estremamente varia. &#8212; &#8212; &#8212; &#8212; &#8212; &#8212; &#8212; &#8212; Il nostro Partner per eccellenza, in tal senso, \u00e8 Lenovo. Questa collaborazione longeva ci [&hellip;]<\/p>\n","protected":false},"author":7,"featured_media":0,"parent":0,"menu_order":0,"comment_status":"closed","ping_status":"closed","template":"","meta":{"footnotes":""},"_links":{"self":[{"href":"https:\/\/www.pucciufficio.com\/index.php?rest_route=\/wp\/v2\/pages\/5167"}],"collection":[{"href":"https:\/\/www.pucciufficio.com\/index.php?rest_route=\/wp\/v2\/pages"}],"about":[{"href":"https:\/\/www.pucciufficio.com\/index.php?rest_route=\/wp\/v2\/types\/page"}],"author":[{"embeddable":true,"href":"https:\/\/www.pucciufficio.com\/index.php?rest_route=\/wp\/v2\/users\/7"}],"replies":[{"embeddable":true,"href":"https:\/\/www.pucciufficio.com\/index.php?rest_route=%2Fwp%2Fv2%2Fcomments&post=5167"}],"version-history":[{"count":0,"href":"https:\/\/www.pucciufficio.com\/index.php?rest_route=\/wp\/v2\/pages\/5167\/revisions"}],"wp:attachment":[{"href":"https:\/\/www.pucciufficio.com\/index.php?rest_route=%2Fwp%2Fv2%2Fmedia&parent=5167"}],"curies":[{"name":"wp","href":"https:\/\/api.w.org\/{rel}","templated":true}]}}