{"id":5293,"date":"2021-06-14T15:41:31","date_gmt":"2021-06-14T13:41:31","guid":{"rendered":"http:\/\/www.pucciufficio.com\/?page_id=5293"},"modified":"2021-07-06T11:11:22","modified_gmt":"2021-07-06T09:11:22","slug":"sezione-ricondizionato","status":"publish","type":"page","link":"https:\/\/www.pucciufficio.com\/?page_id=5293","title":{"rendered":"Sezione Ricondizionato"},"content":{"rendered":"\r\n<h4 class=\"wp-block-heading\" style=\"text-align: center;\">Mettiamo a disposizione dei privati e delle aziende, anche prodotti ricondizionati, ossia con qualche mese o anno di vita, che non hanno per\u00f2 ancora concluso il loro ciclo di vita.<\/h4>\r\n\r\n\r\n\r\n<h4 class=\"wp-block-heading\" style=\"text-align: center;\">Parliamo di qualsiasi genere di prodotto, dai PC alle stampanti, che possa essere utilizzato ad un prezzo estremamente conveniente.<\/h4>\r\n\r\n\r\n\r\n<h4 class=\"wp-block-heading\" style=\"text-align: center;\">In relazione alle esigenze del richiedente, quindi, pu\u00f2 essere scelta una macchina usata o un parco macchine usate, completamente rimesse a nuovo dai nostri tecnici, che mantengono perci\u00f2 tutte le potenzialit\u00e0 e funzionalit\u00e0 del nuovo.<\/h4>\r\n\r\n\r\n\r\n<h4 class=\"wp-block-heading\" style=\"text-align: center;\">I nostri tecnici certificati svolgono <strong>analisi<\/strong> e <strong>test<\/strong> minuziosi sulle macchine usate, per garantire al cliente la sicurezza totale di funzionalit\u00e0 e operativit\u00e0.<\/h4>\r\n\r\n\r\n\r\n<h4 class=\"wp-block-heading\" style=\"text-align: center;\">Soltanto se passano tutti gli step di verifica, i prodotti vengono messi a disposizione del cliente.<\/h4>\r\n\r\n\r\n\r\n<h4 class=\"wp-block-heading\" style=\"text-align: center;\">Pucciufficio riconosce, oltre ci\u00f2, una <strong>garanzia<\/strong> sul ricondizionato, pari a quella del nuovo.<\/h4>\r\n\r\n\r\n\r\n<p style=\"color: #ffffff;\">&#8212;<\/p>\r\n\r\n\r\n<hr class=\"wp-block-separator\" \/>\r\n\r\n\r\n<h4 class=\"wp-block-heading\">\u00a0<\/h4>\r\n<h4 style=\"text-align: center;\"><strong>Per maggiori informazioni contattaci o vieni a trovarci.<\/strong><\/h4>\r\n<h4 style=\"text-align: center;\">Tel. 075505921<\/h4>\r\n<h4 style=\"text-align: center;\">Via A.Barteri 8, 06128 Perugia<\/h4>\r\n","protected":false},"excerpt":{"rendered":"<p>Mettiamo a disposizione dei privati e delle aziende, anche prodotti ricondizionati, ossia con qualche mese o anno di vita, che non hanno per\u00f2 ancora concluso il loro ciclo di vita. Parliamo di qualsiasi genere di prodotto, dai PC alle stampanti, che possa essere utilizzato ad un prezzo estremamente conveniente. In relazione alle esigenze del richiedente, [&hellip;]<\/p>\n","protected":false},"author":7,"featured_media":0,"parent":0,"menu_order":0,"comment_status":"closed","ping_status":"closed","template":"","meta":{"footnotes":""},"_links":{"self":[{"href":"https:\/\/www.pucciufficio.com\/index.php?rest_route=\/wp\/v2\/pages\/5293"}],"collection":[{"href":"https:\/\/www.pucciufficio.com\/index.php?rest_route=\/wp\/v2\/pages"}],"about":[{"href":"https:\/\/www.pucciufficio.com\/index.php?rest_route=\/wp\/v2\/types\/page"}],"author":[{"embeddable":true,"href":"https:\/\/www.pucciufficio.com\/index.php?rest_route=\/wp\/v2\/users\/7"}],"replies":[{"embeddable":true,"href":"https:\/\/www.pucciufficio.com\/index.php?rest_route=%2Fwp%2Fv2%2Fcomments&post=5293"}],"version-history":[{"count":0,"href":"https:\/\/www.pucciufficio.com\/index.php?rest_route=\/wp\/v2\/pages\/5293\/revisions"}],"wp:attachment":[{"href":"https:\/\/www.pucciufficio.com\/index.php?rest_route=%2Fwp%2Fv2%2Fmedia&parent=5293"}],"curies":[{"name":"wp","href":"https:\/\/api.w.org\/{rel}","templated":true}]}}